{"id":342,"date":"2025-08-06T00:29:31","date_gmt":"2025-08-05T21:29:31","guid":{"rendered":"https:\/\/www.topliikenne.fi\/top\/?page_id=342"},"modified":"2025-08-06T14:00:56","modified_gmt":"2025-08-06T11:00:56","slug":"linjaliikenne","status":"publish","type":"page","link":"https:\/\/www.topliikenne.fi\/top\/linjaliikenne\/","title":{"rendered":"Linjaliikenne"},"content":{"rendered":"\t\t<div data-elementor-type=\"wp-page\" data-elementor-id=\"342\" class=\"elementor elementor-342\">\n\t\t\t\t\t\t\t<div class=\"elementor-element elementor-element-c01c3fc e-flex e-con-boxed e-con e-parent\" data-id=\"c01c3fc\" data-element_type=\"container\" data-settings=\"{&quot;content_width&quot;:&quot;boxed&quot;}\" data-core-v316-plus=\"true\">\n\t\t\t\t\t<div class=\"e-con-inner\">\n\t\t\t\t\t<\/div>\n\t\t\t\t<\/div>\n\t\t<div class=\"elementor-element elementor-element-1e6d1ca e-con-full e-flex e-con e-parent\" data-id=\"1e6d1ca\" data-element_type=\"container\" data-settings=\"{&quot;content_width&quot;:&quot;full&quot;,&quot;background_background&quot;:&quot;classic&quot;}\" data-core-v316-plus=\"true\">\n\t\t<div class=\"elementor-element elementor-element-cd81a8f e-con-full e-flex e-con e-child\" data-id=\"cd81a8f\" data-element_type=\"container\" data-settings=\"{&quot;content_width&quot;:&quot;full&quot;}\">\n\t\t\t\t<div class=\"elementor-element elementor-element-93777cb elementor-widget elementor-widget-image\" data-id=\"93777cb\" data-element_type=\"widget\" data-widget_type=\"image.default\">\n\t\t\t\t<div class=\"elementor-widget-container\">\n\t\t\t<style>\/*! elementor - v3.18.0 - 08-12-2023 *\/\n.elementor-widget-image{text-align:center}.elementor-widget-image a{display:inline-block}.elementor-widget-image a img[src$=\".svg\"]{width:48px}.elementor-widget-image img{vertical-align:middle;display:inline-block}<\/style>\t\t\t\t\t\t\t\t\t\t\t\t<img decoding=\"async\" width=\"300\" height=\"48\" src=\"https:\/\/www.topliikenne.fi\/top\/wp-content\/uploads\/2014\/07\/logo_topliikenne-300x48.png\" class=\"attachment-medium size-medium wp-image-27\" alt=\"\" srcset=\"https:\/\/www.topliikenne.fi\/top\/wp-content\/uploads\/2014\/07\/logo_topliikenne-300x48.png 300w, https:\/\/www.topliikenne.fi\/top\/wp-content\/uploads\/2014\/07\/logo_topliikenne.png 500w\" sizes=\"(max-width: 300px) 100vw, 300px\" \/>\t\t\t\t\t\t\t\t\t\t\t\t\t\t\t<\/div>\n\t\t\t\t<\/div>\n\t\t\t\t<div class=\"elementor-element elementor-element-0d0652a elementor-widget elementor-widget-text-editor\" data-id=\"0d0652a\" data-element_type=\"widget\" data-widget_type=\"text-editor.default\">\n\t\t\t\t<div class=\"elementor-widget-container\">\n\t\t\t<style>\/*! elementor - v3.18.0 - 08-12-2023 *\/\n.elementor-widget-text-editor.elementor-drop-cap-view-stacked .elementor-drop-cap{background-color:#69727d;color:#fff}.elementor-widget-text-editor.elementor-drop-cap-view-framed .elementor-drop-cap{color:#69727d;border:3px solid;background-color:transparent}.elementor-widget-text-editor:not(.elementor-drop-cap-view-default) .elementor-drop-cap{margin-top:8px}.elementor-widget-text-editor:not(.elementor-drop-cap-view-default) .elementor-drop-cap-letter{width:1em;height:1em}.elementor-widget-text-editor .elementor-drop-cap{float:left;text-align:center;line-height:1;font-size:50px}.elementor-widget-text-editor .elementor-drop-cap-letter{display:inline-block}<\/style>\t\t\t\t<p>Luotettavaa palvelua ammattitaidolla vuodesta 1967<\/p>\t\t\t\t\t\t<\/div>\n\t\t\t\t<\/div>\n\t\t\t\t<\/div>\n\t\t<div class=\"elementor-element elementor-element-bc82124 e-con-full e-flex e-con e-child\" data-id=\"bc82124\" data-element_type=\"container\" data-settings=\"{&quot;content_width&quot;:&quot;full&quot;}\">\n\t\t\t\t<div class=\"elementor-element elementor-element-1d4c435 elementor-button-danger elementor-widget__width-initial elementor-widget elementor-widget-button\" data-id=\"1d4c435\" data-element_type=\"widget\" data-widget_type=\"button.default\">\n\t\t\t\t<div class=\"elementor-widget-container\">\n\t\t\t\t\t<div class=\"elementor-button-wrapper\">\n\t\t\t<a class=\"elementor-button elementor-button-link elementor-size-xs\" href=\"https:\/\/www.topliikenne.fi\/top\/\">\n\t\t\t\t\t\t<span class=\"elementor-button-content-wrapper\">\n\t\t\t\t\t\t<span class=\"elementor-button-text\">YRITYS<\/span>\n\t\t<\/span>\n\t\t\t\t\t<\/a>\n\t\t<\/div>\n\t\t\t\t<\/div>\n\t\t\t\t<\/div>\n\t\t\t\t<div class=\"elementor-element elementor-element-f785dea elementor-widget__width-initial elementor-widget elementor-widget-button\" data-id=\"f785dea\" data-element_type=\"widget\" data-widget_type=\"button.default\">\n\t\t\t\t<div class=\"elementor-widget-container\">\n\t\t\t\t\t<div class=\"elementor-button-wrapper\">\n\t\t\t<a class=\"elementor-button elementor-button-link elementor-size-xs\" href=\"https:\/\/www.topliikenne.fi\/top\/kalusto\">\n\t\t\t\t\t\t<span class=\"elementor-button-content-wrapper\">\n\t\t\t\t\t\t<span class=\"elementor-button-text\">KALUSTO<\/span>\n\t\t<\/span>\n\t\t\t\t\t<\/a>\n\t\t<\/div>\n\t\t\t\t<\/div>\n\t\t\t\t<\/div>\n\t\t\t\t<div class=\"elementor-element elementor-element-d7487c7 elementor-widget__width-initial elementor-widget elementor-widget-button\" data-id=\"d7487c7\" data-element_type=\"widget\" data-widget_type=\"button.default\">\n\t\t\t\t<div class=\"elementor-widget-container\">\n\t\t\t\t\t<div class=\"elementor-button-wrapper\">\n\t\t\t<a class=\"elementor-button elementor-button-link elementor-size-xs\" href=\"https:\/\/www.topliikenne.fi\/top\/tilausajot\">\n\t\t\t\t\t\t<span class=\"elementor-button-content-wrapper\">\n\t\t\t\t\t\t<span class=\"elementor-button-text\">TILAUSAJOT<\/span>\n\t\t<\/span>\n\t\t\t\t\t<\/a>\n\t\t<\/div>\n\t\t\t\t<\/div>\n\t\t\t\t<\/div>\n\t\t\t\t<div class=\"elementor-element elementor-element-fd225ed elementor-widget__width-initial elementor-widget elementor-widget-button\" data-id=\"fd225ed\" data-element_type=\"widget\" data-widget_type=\"button.default\">\n\t\t\t\t<div class=\"elementor-widget-container\">\n\t\t\t\t\t<div class=\"elementor-button-wrapper\">\n\t\t\t<a class=\"elementor-button elementor-button-link elementor-size-xs\" href=\"https:\/\/www.topliikenne.fi\/top\/linjaliikenne\/\">\n\t\t\t\t\t\t<span class=\"elementor-button-content-wrapper\">\n\t\t\t\t\t\t<span class=\"elementor-button-text\">LINJALIIKENNE<\/span>\n\t\t<\/span>\n\t\t\t\t\t<\/a>\n\t\t<\/div>\n\t\t\t\t<\/div>\n\t\t\t\t<\/div>\n\t\t\t\t<div class=\"elementor-element elementor-element-f51a97a elementor-widget__width-initial elementor-widget elementor-widget-button\" data-id=\"f51a97a\" data-element_type=\"widget\" data-widget_type=\"button.default\">\n\t\t\t\t<div class=\"elementor-widget-container\">\n\t\t\t\t\t<div class=\"elementor-button-wrapper\">\n\t\t\t<a class=\"elementor-button elementor-button-link elementor-size-xs\" href=\"https:\/\/www.topliikenne.fi\/top\/yhteystiedot\">\n\t\t\t\t\t\t<span class=\"elementor-button-content-wrapper\">\n\t\t\t\t\t\t<span class=\"elementor-button-text\">YHTEYSTIEDOT<\/span>\n\t\t<\/span>\n\t\t\t\t\t<\/a>\n\t\t<\/div>\n\t\t\t\t<\/div>\n\t\t\t\t<\/div>\n\t\t\t\t<\/div>\n\t\t\t\t<\/div>\n\t\t<div class=\"elementor-element elementor-element-d73616e e-con-full e-flex e-con e-parent\" data-id=\"d73616e\" data-element_type=\"container\" data-settings=\"{&quot;content_width&quot;:&quot;full&quot;,&quot;background_background&quot;:&quot;classic&quot;}\" data-core-v316-plus=\"true\">\n\t\t<div class=\"elementor-element elementor-element-0ebc311 e-con-full e-flex e-con e-child\" data-id=\"0ebc311\" data-element_type=\"container\" data-settings=\"{&quot;content_width&quot;:&quot;full&quot;}\">\n\t\t\t\t<div class=\"elementor-element elementor-element-ab5fb6e elementor-widget elementor-widget-heading\" data-id=\"ab5fb6e\" data-element_type=\"widget\" data-widget_type=\"heading.default\">\n\t\t\t\t<div class=\"elementor-widget-container\">\n\t\t\t<style>\/*! elementor - v3.18.0 - 08-12-2023 *\/\n.elementor-heading-title{padding:0;margin:0;line-height:1}.elementor-widget-heading .elementor-heading-title[class*=elementor-size-]>a{color:inherit;font-size:inherit;line-height:inherit}.elementor-widget-heading .elementor-heading-title.elementor-size-small{font-size:15px}.elementor-widget-heading .elementor-heading-title.elementor-size-medium{font-size:19px}.elementor-widget-heading .elementor-heading-title.elementor-size-large{font-size:29px}.elementor-widget-heading .elementor-heading-title.elementor-size-xl{font-size:39px}.elementor-widget-heading .elementor-heading-title.elementor-size-xxl{font-size:59px}<\/style><h1 class=\"elementor-heading-title elementor-size-default\">Linjaliikenne<\/h1>\t\t<\/div>\n\t\t\t\t<\/div>\n\t\t\t\t<div class=\"elementor-element elementor-element-6bf1d64 elementor-widget elementor-widget-text-editor\" data-id=\"6bf1d64\" data-element_type=\"widget\" data-widget_type=\"text-editor.default\">\n\t\t\t\t<div class=\"elementor-widget-container\">\n\t\t\t\t\t\t\t<h3 data-start=\"152\" data-end=\"231\">Top Liikenne osana Seutu+ -liikennett\u00e4 \u2013 Uudet linjat k\u00e4ytt\u00f6\u00f6n 6.8.2025!<\/h3><p data-start=\"233\" data-end=\"443\">Top Liikenne palvelee nyt my\u00f6s Porin seudun seutuliikenteess\u00e4! Olemme mukana Seutu+ -j\u00e4rjestelm\u00e4ss\u00e4 ja tarjoamme luotettavaa, mukavaa ja ymp\u00e4rist\u00f6yst\u00e4v\u00e4llist\u00e4 matkustamista alueen t\u00e4rkeimmill\u00e4 yhteysv\u00e4leill\u00e4.<\/p><p data-start=\"445\" data-end=\"478\"><strong data-start=\"445\" data-end=\"478\"><br \/>Uudet linjat alkaen 6.8.2025:<\/strong><\/p><p data-start=\"445\" data-end=\"478\">\u00a0<\/p><p data-start=\"480\" data-end=\"547\"><img decoding=\"async\" class=\"emoji\" role=\"img\" draggable=\"false\" src=\"https:\/\/s.w.org\/images\/core\/emoji\/14.0.0\/svg\/1f539.svg\" alt=\"\ud83d\udd39\" \/> <strong data-start=\"483\" data-end=\"515\">Kokem\u00e4ki \u2013 Harjavalta \u2013 Pori<\/strong><br data-start=\"515\" data-end=\"518\" \/>Linjat: 70, 70S, 70Y, 70P, 71<\/p><p data-start=\"480\" data-end=\"547\">\u00a0<\/p><p data-start=\"549\" data-end=\"592\"><img decoding=\"async\" class=\"emoji\" role=\"img\" draggable=\"false\" src=\"https:\/\/s.w.org\/images\/core\/emoji\/14.0.0\/svg\/1f539.svg\" alt=\"\ud83d\udd39\" \/> <strong data-start=\"552\" data-end=\"580\">Eura \u2013 Harjavalta \u2013 Pori<\/strong><br data-start=\"580\" data-end=\"583\" \/>Linja: 72<\/p><p data-start=\"594\" data-end=\"748\">\u00a0<\/p><p data-start=\"594\" data-end=\"748\">N\u00e4ill\u00e4 reiteill\u00e4 p\u00e4\u00e4set helposti esimerkiksi t\u00f6ihin, kouluun, ostoksille tai harrastuksiin \u2013 nopeasti ja sujuvasti Top Liikenteen moderneilla busseilla. Peruskoululaiset kulkevat matkahuollon lipuilla.<\/p><p data-start=\"750\" data-end=\"945\"><strong data-start=\"750\" data-end=\"783\"><br \/>K\u00e4yt\u00f6ss\u00e4si ovat Seutu+ -liput<\/strong>, jotka voit ostaa k\u00e4tev\u00e4sti mobiilisovelluksella tai matkakortilla. Valittavanasi ovat kausi-, sarja- ja kertaliput \u2013 juuri sinun matkustustarpeisiisi sopivasti.<\/p><p data-start=\"947\" data-end=\"1035\">\u00a0<\/p><p data-start=\"947\" data-end=\"1035\"><img decoding=\"async\" class=\"emoji\" role=\"img\" draggable=\"false\" src=\"https:\/\/s.w.org\/images\/core\/emoji\/14.0.0\/svg\/1f449.svg\" alt=\"\ud83d\udc49\" \/> Tutustu tarkempiin aikatauluihin, lippuihin ja pys\u00e4kkeihin: <a class=\"cursor-pointer\" href=\"https:\/\/seutuplus.fi\/\" target=\"_new\" rel=\"noopener\" data-start=\"999\" data-end=\"1035\">seutuplus.fi<\/a><\/p>\t\t\t\t\t\t<\/div>\n\t\t\t\t<\/div>\n\t\t\t\t<div class=\"elementor-element elementor-element-caeffce elementor-widget elementor-widget-image\" data-id=\"caeffce\" data-element_type=\"widget\" data-widget_type=\"image.default\">\n\t\t\t\t<div class=\"elementor-widget-container\">\n\t\t\t\t\t\t\t\t\t\t\t\t\t\t\t\t<a href=\"https:\/\/seutuplus.fi\/\">\n\t\t\t\t\t\t\t<img fetchpriority=\"high\" decoding=\"async\" width=\"625\" height=\"266\" src=\"https:\/\/www.topliikenne.fi\/top\/wp-content\/uploads\/2025\/08\/seutuplus-1024x436.jpg\" class=\"attachment-large size-large wp-image-373\" alt=\"\" srcset=\"https:\/\/www.topliikenne.fi\/top\/wp-content\/uploads\/2025\/08\/seutuplus-1024x436.jpg 1024w, https:\/\/www.topliikenne.fi\/top\/wp-content\/uploads\/2025\/08\/seutuplus-300x128.jpg 300w, https:\/\/www.topliikenne.fi\/top\/wp-content\/uploads\/2025\/08\/seutuplus-768x327.jpg 768w, https:\/\/www.topliikenne.fi\/top\/wp-content\/uploads\/2025\/08\/seutuplus-624x266.jpg 624w, https:\/\/www.topliikenne.fi\/top\/wp-content\/uploads\/2025\/08\/seutuplus.jpg 1097w\" sizes=\"(max-width: 625px) 100vw, 625px\" \/>\t\t\t\t\t\t\t\t<\/a>\n\t\t\t\t\t\t\t\t\t\t\t\t\t\t\t<\/div>\n\t\t\t\t<\/div>\n\t\t\t\t<\/div>\n\t\t<div class=\"elementor-element elementor-element-4739bd6 e-con-full e-flex e-con e-child\" data-id=\"4739bd6\" data-element_type=\"container\" data-settings=\"{&quot;content_width&quot;:&quot;full&quot;,&quot;background_background&quot;:&quot;classic&quot;}\">\n\t\t\t\t<div class=\"elementor-element elementor-element-0c444c2 elementor-widget elementor-widget-heading\" data-id=\"0c444c2\" data-element_type=\"widget\" data-widget_type=\"heading.default\">\n\t\t\t\t<div class=\"elementor-widget-container\">\n\t\t\t<h1 class=\"elementor-heading-title elementor-size-default\">Tilaukset<\/h1>\t\t<\/div>\n\t\t\t\t<\/div>\n\t\t\t\t<div class=\"elementor-element elementor-element-f32a6d7 elementor-widget elementor-widget-text-editor\" data-id=\"f32a6d7\" data-element_type=\"widget\" data-widget_type=\"text-editor.default\">\n\t\t\t\t<div class=\"elementor-widget-container\">\n\t\t\t\t\t\t\t<p>Soita: 040 5480 556<\/p><p><br \/>topliikenne@topliikenne.fi<\/p>\t\t\t\t\t\t<\/div>\n\t\t\t\t<\/div>\n\t\t\t\t<div class=\"elementor-element elementor-element-ad513aa elementor-widget elementor-widget-html\" data-id=\"ad513aa\" data-element_type=\"widget\" data-widget_type=\"html.default\">\n\t\t\t\t<div class=\"elementor-widget-container\">\n\t\t\t<h1>Yhteydenottolomake<\/h1><br>\n\n<div class=\"wpcf7 no-js\" id=\"wpcf7-f30-o1\" lang=\"fi\" dir=\"ltr\">\n<div class=\"screen-reader-response\"><p role=\"status\" aria-live=\"polite\" aria-atomic=\"true\"><\/p> <ul><\/ul><\/div>\n<form action=\"\/top\/wp-json\/wp\/v2\/pages\/342#wpcf7-f30-o1\" method=\"post\" class=\"wpcf7-form init\" aria-label=\"Yhteydenottolomake\" novalidate=\"novalidate\" data-status=\"init\">\n<div style=\"display: none;\">\n<input type=\"hidden\" name=\"_wpcf7\" value=\"30\" \/>\n<input type=\"hidden\" name=\"_wpcf7_version\" value=\"5.8.4\" \/>\n<input type=\"hidden\" name=\"_wpcf7_locale\" value=\"fi\" \/>\n<input type=\"hidden\" name=\"_wpcf7_unit_tag\" value=\"wpcf7-f30-o1\" \/>\n<input type=\"hidden\" name=\"_wpcf7_container_post\" value=\"0\" \/>\n<input type=\"hidden\" name=\"_wpcf7_posted_data_hash\" value=\"\" \/>\n<\/div>\n<p>Nimi (pakollinen)\n<\/p>\n<p><span class=\"wpcf7-form-control-wrap\" data-name=\"your-name\"><input size=\"25\" class=\"wpcf7-form-control wpcf7-text wpcf7-validates-as-required\" aria-required=\"true\" aria-invalid=\"false\" value=\"\" type=\"text\" name=\"your-name\" \/><\/span>\n<\/p>\n<p>Puhelin (pakollinen)\n<\/p>\n<p><span class=\"wpcf7-form-control-wrap\" data-name=\"text-997\"><input size=\"25\" class=\"wpcf7-form-control wpcf7-text wpcf7-validates-as-required\" aria-required=\"true\" aria-invalid=\"false\" value=\"\" type=\"text\" name=\"text-997\" \/><\/span>\n<\/p>\n<p>S\u00e4hk\u00f6posti (pakollinen)\n<\/p>\n<p><span class=\"wpcf7-form-control-wrap\" data-name=\"your-email\"><input size=\"25\" class=\"wpcf7-form-control wpcf7-email wpcf7-validates-as-required wpcf7-text wpcf7-validates-as-email\" aria-required=\"true\" aria-invalid=\"false\" value=\"\" type=\"email\" name=\"your-email\" \/><\/span>\n<\/p>\n<p>Aihe\n<\/p>\n<p><span class=\"wpcf7-form-control-wrap\" data-name=\"your-subject\"><input size=\"25\" class=\"wpcf7-form-control wpcf7-text\" aria-invalid=\"false\" value=\"\" type=\"text\" name=\"your-subject\" \/><\/span>\n<\/p>\n<p>Viesti\/Palaute\/Tiedustelu\n<\/p>\n<p><span class=\"wpcf7-form-control-wrap\" data-name=\"your-message\"><textarea cols=\"25\" rows=\"5\" class=\"wpcf7-form-control wpcf7-textarea\" aria-invalid=\"false\" name=\"your-message\"><\/textarea><\/span>\n<\/p>\n<p><input class=\"wpcf7-form-control wpcf7-submit has-spinner\" type=\"submit\" value=\"L\u00e4het\u00e4\" \/>\n<\/p><div class=\"wpcf7-response-output\" aria-hidden=\"true\"><\/div>\n<\/form>\n<\/div>\n\t\t<\/div>\n\t\t\t\t<\/div>\n\t\t\t\t<\/div>\n\t\t\t\t<\/div>\n\t\t<div class=\"elementor-element elementor-element-c9fad09 e-flex e-con-boxed e-con e-parent\" data-id=\"c9fad09\" data-element_type=\"container\" data-settings=\"{&quot;background_background&quot;:&quot;classic&quot;,&quot;content_width&quot;:&quot;boxed&quot;}\" data-core-v316-plus=\"true\">\n\t\t\t\t\t<div class=\"e-con-inner\">\n\t\t\t\t<div class=\"elementor-element elementor-element-8101aec elementor-widget__width-inherit elementor-widget elementor-widget-text-editor\" data-id=\"8101aec\" data-element_type=\"widget\" data-widget_type=\"text-editor.default\">\n\t\t\t\t<div class=\"elementor-widget-container\">\n\t\t\t\t\t\t\t<p>Top Liikenne Oy | Finpyyntie 1 | 29600 Noormarkku | puh. 050 369 3347 | email. topliikenne@topliikenne.fi<\/p>\t\t\t\t\t\t<\/div>\n\t\t\t\t<\/div>\n\t\t\t\t\t<\/div>\n\t\t\t\t<\/div>\n\t\t\t\t\t\t\t<\/div>\n\t\t","protected":false},"excerpt":{"rendered":"<p>Luotettavaa palvelua ammattitaidolla vuodesta 1967 YRITYS KALUSTO TILAUSAJOT LINJALIIKENNE YHTEYSTIEDOT Linjaliikenne Top Liikenne osana Seutu+ -liikennett\u00e4 \u2013 Uudet linjat k\u00e4ytt\u00f6\u00f6n 6.8.2025! Top Liikenne palvelee nyt my\u00f6s Porin seudun seutuliikenteess\u00e4! Olemme mukana Seutu+ -j\u00e4rjestelm\u00e4ss\u00e4 ja tarjoamme luotettavaa, mukavaa ja ymp\u00e4rist\u00f6yst\u00e4v\u00e4llist\u00e4 matkustamista alueen t\u00e4rkeimmill\u00e4 yhteysv\u00e4leill\u00e4. Uudet linjat alkaen 6.8.2025: \u00a0 Kokem\u00e4ki \u2013 Harjavalta \u2013 PoriLinjat: 70, 70S, [&hellip;]<\/p>\n","protected":false},"author":1,"featured_media":0,"parent":0,"menu_order":0,"comment_status":"closed","ping_status":"closed","template":"","meta":{"footnotes":""},"_links":{"self":[{"href":"https:\/\/www.topliikenne.fi\/top\/wp-json\/wp\/v2\/pages\/342"}],"collection":[{"href":"https:\/\/www.topliikenne.fi\/top\/wp-json\/wp\/v2\/pages"}],"about":[{"href":"https:\/\/www.topliikenne.fi\/top\/wp-json\/wp\/v2\/types\/page"}],"author":[{"embeddable":true,"href":"https:\/\/www.topliikenne.fi\/top\/wp-json\/wp\/v2\/users\/1"}],"replies":[{"embeddable":true,"href":"https:\/\/www.topliikenne.fi\/top\/wp-json\/wp\/v2\/comments?post=342"}],"version-history":[{"count":37,"href":"https:\/\/www.topliikenne.fi\/top\/wp-json\/wp\/v2\/pages\/342\/revisions"}],"predecessor-version":[{"id":414,"href":"https:\/\/www.topliikenne.fi\/top\/wp-json\/wp\/v2\/pages\/342\/revisions\/414"}],"wp:attachment":[{"href":"https:\/\/www.topliikenne.fi\/top\/wp-json\/wp\/v2\/media?parent=342"}],"curies":[{"name":"wp","href":"https:\/\/api.w.org\/{rel}","templated":true}]}}