{"id":261,"date":"2023-12-12T00:34:09","date_gmt":"2023-12-11T22:34:09","guid":{"rendered":"https:\/\/www.topliikenne.fi\/top\/?page_id=261"},"modified":"2026-03-20T08:39:49","modified_gmt":"2026-03-20T06:39:49","slug":"yritys","status":"publish","type":"page","link":"https:\/\/www.topliikenne.fi\/top\/","title":{"rendered":"Yritys"},"content":{"rendered":"\t\t<div data-elementor-type=\"wp-page\" data-elementor-id=\"261\" class=\"elementor elementor-261\">\n\t\t\t\t\t\t\t<div class=\"elementor-element elementor-element-1968798 e-flex e-con-boxed e-con e-parent\" data-id=\"1968798\" data-element_type=\"container\" data-settings=\"{&quot;content_width&quot;:&quot;boxed&quot;}\" data-core-v316-plus=\"true\">\n\t\t\t\t\t<div class=\"e-con-inner\">\n\t\t\t\t\t<\/div>\n\t\t\t\t<\/div>\n\t\t<div class=\"elementor-element elementor-element-af61bc9 e-con-full e-flex e-con e-parent\" data-id=\"af61bc9\" data-element_type=\"container\" data-settings=\"{&quot;content_width&quot;:&quot;full&quot;,&quot;background_background&quot;:&quot;classic&quot;}\" data-core-v316-plus=\"true\">\n\t\t<div class=\"elementor-element elementor-element-67594ec e-con-full e-flex e-con e-child\" data-id=\"67594ec\" data-element_type=\"container\" data-settings=\"{&quot;content_width&quot;:&quot;full&quot;}\">\n\t\t\t\t<div class=\"elementor-element elementor-element-c440361 elementor-widget elementor-widget-image\" data-id=\"c440361\" data-element_type=\"widget\" data-widget_type=\"image.default\">\n\t\t\t\t<div class=\"elementor-widget-container\">\n\t\t\t<style>\/*! elementor - v3.18.0 - 08-12-2023 *\/\n.elementor-widget-image{text-align:center}.elementor-widget-image a{display:inline-block}.elementor-widget-image a img[src$=\".svg\"]{width:48px}.elementor-widget-image img{vertical-align:middle;display:inline-block}<\/style>\t\t\t\t\t\t\t\t\t\t\t\t<img decoding=\"async\" width=\"300\" height=\"48\" src=\"https:\/\/www.topliikenne.fi\/top\/wp-content\/uploads\/2014\/07\/logo_topliikenne-300x48.png\" class=\"attachment-medium size-medium wp-image-27\" alt=\"\" srcset=\"https:\/\/www.topliikenne.fi\/top\/wp-content\/uploads\/2014\/07\/logo_topliikenne-300x48.png 300w, https:\/\/www.topliikenne.fi\/top\/wp-content\/uploads\/2014\/07\/logo_topliikenne.png 500w\" sizes=\"(max-width: 300px) 100vw, 300px\" \/>\t\t\t\t\t\t\t\t\t\t\t\t\t\t\t<\/div>\n\t\t\t\t<\/div>\n\t\t\t\t<div class=\"elementor-element elementor-element-d73c0ce elementor-widget elementor-widget-text-editor\" data-id=\"d73c0ce\" data-element_type=\"widget\" data-widget_type=\"text-editor.default\">\n\t\t\t\t<div class=\"elementor-widget-container\">\n\t\t\t<style>\/*! elementor - v3.18.0 - 08-12-2023 *\/\n.elementor-widget-text-editor.elementor-drop-cap-view-stacked .elementor-drop-cap{background-color:#69727d;color:#fff}.elementor-widget-text-editor.elementor-drop-cap-view-framed .elementor-drop-cap{color:#69727d;border:3px solid;background-color:transparent}.elementor-widget-text-editor:not(.elementor-drop-cap-view-default) .elementor-drop-cap{margin-top:8px}.elementor-widget-text-editor:not(.elementor-drop-cap-view-default) .elementor-drop-cap-letter{width:1em;height:1em}.elementor-widget-text-editor .elementor-drop-cap{float:left;text-align:center;line-height:1;font-size:50px}.elementor-widget-text-editor .elementor-drop-cap-letter{display:inline-block}<\/style>\t\t\t\t<p>Luotettavaa palvelua ammattitaidolla vuodesta 1967<\/p>\t\t\t\t\t\t<\/div>\n\t\t\t\t<\/div>\n\t\t\t\t<\/div>\n\t\t<div class=\"elementor-element elementor-element-ed4629f e-con-full e-flex e-con e-child\" data-id=\"ed4629f\" data-element_type=\"container\" data-settings=\"{&quot;content_width&quot;:&quot;full&quot;}\">\n\t\t\t\t<div class=\"elementor-element elementor-element-38eac01 elementor-button-danger elementor-widget__width-initial elementor-widget elementor-widget-button\" data-id=\"38eac01\" data-element_type=\"widget\" data-widget_type=\"button.default\">\n\t\t\t\t<div class=\"elementor-widget-container\">\n\t\t\t\t\t<div class=\"elementor-button-wrapper\">\n\t\t\t<a class=\"elementor-button elementor-button-link elementor-size-xs\" href=\"https:\/\/www.topliikenne.fi\/top\/\">\n\t\t\t\t\t\t<span class=\"elementor-button-content-wrapper\">\n\t\t\t\t\t\t<span class=\"elementor-button-text\">YRITYS<\/span>\n\t\t<\/span>\n\t\t\t\t\t<\/a>\n\t\t<\/div>\n\t\t\t\t<\/div>\n\t\t\t\t<\/div>\n\t\t\t\t<div class=\"elementor-element elementor-element-6bc3724 elementor-widget__width-initial elementor-widget elementor-widget-button\" data-id=\"6bc3724\" data-element_type=\"widget\" data-widget_type=\"button.default\">\n\t\t\t\t<div class=\"elementor-widget-container\">\n\t\t\t\t\t<div class=\"elementor-button-wrapper\">\n\t\t\t<a class=\"elementor-button elementor-button-link elementor-size-xs\" href=\"https:\/\/www.topliikenne.fi\/top\/kalusto\">\n\t\t\t\t\t\t<span class=\"elementor-button-content-wrapper\">\n\t\t\t\t\t\t<span class=\"elementor-button-text\">KALUSTO<\/span>\n\t\t<\/span>\n\t\t\t\t\t<\/a>\n\t\t<\/div>\n\t\t\t\t<\/div>\n\t\t\t\t<\/div>\n\t\t\t\t<div class=\"elementor-element elementor-element-4f91583 elementor-widget__width-initial elementor-widget elementor-widget-button\" data-id=\"4f91583\" data-element_type=\"widget\" data-widget_type=\"button.default\">\n\t\t\t\t<div class=\"elementor-widget-container\">\n\t\t\t\t\t<div class=\"elementor-button-wrapper\">\n\t\t\t<a class=\"elementor-button elementor-button-link elementor-size-xs\" href=\"https:\/\/www.topliikenne.fi\/top\/tilausajot\">\n\t\t\t\t\t\t<span class=\"elementor-button-content-wrapper\">\n\t\t\t\t\t\t<span class=\"elementor-button-text\">TILAUSAJOT<\/span>\n\t\t<\/span>\n\t\t\t\t\t<\/a>\n\t\t<\/div>\n\t\t\t\t<\/div>\n\t\t\t\t<\/div>\n\t\t\t\t<div class=\"elementor-element elementor-element-002b904 elementor-widget__width-initial elementor-widget elementor-widget-button\" data-id=\"002b904\" data-element_type=\"widget\" data-widget_type=\"button.default\">\n\t\t\t\t<div class=\"elementor-widget-container\">\n\t\t\t\t\t<div class=\"elementor-button-wrapper\">\n\t\t\t<a class=\"elementor-button elementor-button-link elementor-size-xs\" href=\"https:\/\/www.topliikenne.fi\/top\/linjaliikenne\/\">\n\t\t\t\t\t\t<span class=\"elementor-button-content-wrapper\">\n\t\t\t\t\t\t<span class=\"elementor-button-text\">LINJALIIKENNE<\/span>\n\t\t<\/span>\n\t\t\t\t\t<\/a>\n\t\t<\/div>\n\t\t\t\t<\/div>\n\t\t\t\t<\/div>\n\t\t\t\t<div class=\"elementor-element elementor-element-f399dd7 elementor-widget__width-initial elementor-widget elementor-widget-button\" data-id=\"f399dd7\" data-element_type=\"widget\" data-widget_type=\"button.default\">\n\t\t\t\t<div class=\"elementor-widget-container\">\n\t\t\t\t\t<div class=\"elementor-button-wrapper\">\n\t\t\t<a class=\"elementor-button elementor-button-link elementor-size-xs\" href=\"https:\/\/www.topliikenne.fi\/top\/yhteystiedot\">\n\t\t\t\t\t\t<span class=\"elementor-button-content-wrapper\">\n\t\t\t\t\t\t<span class=\"elementor-button-text\">YHTEYSTIEDOT<\/span>\n\t\t<\/span>\n\t\t\t\t\t<\/a>\n\t\t<\/div>\n\t\t\t\t<\/div>\n\t\t\t\t<\/div>\n\t\t\t\t<\/div>\n\t\t\t\t<\/div>\n\t\t<div class=\"elementor-element elementor-element-0d7ec7e e-con-full e-flex e-con e-parent\" data-id=\"0d7ec7e\" data-element_type=\"container\" data-settings=\"{&quot;content_width&quot;:&quot;full&quot;,&quot;background_background&quot;:&quot;classic&quot;}\" data-core-v316-plus=\"true\">\n\t\t<div class=\"elementor-element elementor-element-29fae9e e-con-full e-flex e-con e-child\" data-id=\"29fae9e\" data-element_type=\"container\" data-settings=\"{&quot;content_width&quot;:&quot;full&quot;}\">\n\t\t\t\t<div class=\"elementor-element elementor-element-a70d842 elementor-widget elementor-widget-heading\" data-id=\"a70d842\" data-element_type=\"widget\" data-widget_type=\"heading.default\">\n\t\t\t\t<div class=\"elementor-widget-container\">\n\t\t\t<style>\/*! elementor - v3.18.0 - 08-12-2023 *\/\n.elementor-heading-title{padding:0;margin:0;line-height:1}.elementor-widget-heading .elementor-heading-title[class*=elementor-size-]>a{color:inherit;font-size:inherit;line-height:inherit}.elementor-widget-heading .elementor-heading-title.elementor-size-small{font-size:15px}.elementor-widget-heading .elementor-heading-title.elementor-size-medium{font-size:19px}.elementor-widget-heading .elementor-heading-title.elementor-size-large{font-size:29px}.elementor-widget-heading .elementor-heading-title.elementor-size-xl{font-size:39px}.elementor-widget-heading .elementor-heading-title.elementor-size-xxl{font-size:59px}<\/style><h1 class=\"elementor-heading-title elementor-size-default\">Yritys<\/h1>\t\t<\/div>\n\t\t\t\t<\/div>\n\t\t\t\t<div class=\"elementor-element elementor-element-2e0ce24 elementor-widget elementor-widget-text-editor\" data-id=\"2e0ce24\" data-element_type=\"widget\" data-widget_type=\"text-editor.default\">\n\t\t\t\t<div class=\"elementor-widget-container\">\n\t\t\t\t\t\t\t<p><strong>Luotettavaa palvelua ammattitaidolla vuodesta 1967<\/strong><br \/>Top Liikenne on vuonna 1967 perustettu perheyritys, joka harjoittaa tilausliikennett\u00e4 laadukkaalla ja monipuolisella kalustolla, kotimaassa sek\u00e4 ulkomailla.<\/p><p>\u00a0<\/p><p><strong>Toimintaamme kuuluu my\u00f6s taksiliikenne.<\/strong><br \/>Ammattitaitoiset, luotettavat ja yst\u00e4v\u00e4lliset kuljettajamme takaavat matkan sujuvuuden.<\/p><p>\u00a0<\/p><p><strong>Isoille ja pienille ryhmille, kuljetukset kaikkiin tarpeisiin<\/strong><br \/>Olittepa l\u00e4hd\u00f6ss\u00e4 peli-, huvi-, luokkaretki-, hiihto- tai ty\u00f6matkalle me hoidamme kuljetukset, isoille tai pienille ryhmille, koti -ja ulkomaille saakka.<br \/><br \/><\/p><h3 data-start=\"152\" data-end=\"231\">Top Liikenne osana Seutu+ -liikennett\u00e4 \u2013 Uudet linjat k\u00e4ytt\u00f6\u00f6n 6.8.2025!<\/h3><p data-start=\"233\" data-end=\"443\">Top Liikenne palvelee nyt my\u00f6s Porin seudun seutuliikenteess\u00e4! Olemme mukana Seutu+ -j\u00e4rjestelm\u00e4ss\u00e4 ja tarjoamme luotettavaa, mukavaa ja ymp\u00e4rist\u00f6yst\u00e4v\u00e4llist\u00e4 matkustamista alueen t\u00e4rkeimmill\u00e4 yhteysv\u00e4leill\u00e4.<\/p><p data-start=\"445\" data-end=\"478\"><strong data-start=\"445\" data-end=\"478\">\u00a0<\/strong><\/p><p data-start=\"480\" data-end=\"547\"><img decoding=\"async\" class=\"emoji\" role=\"img\" draggable=\"false\" src=\"https:\/\/s.w.org\/images\/core\/emoji\/14.0.0\/svg\/1f539.svg\" alt=\"\ud83d\udd39\" \/>\u00a0<strong data-start=\"483\" data-end=\"515\">Kokem\u00e4ki \u2013 Harjavalta \u2013 Pori <\/strong>(Linjat: 70, 70S, 70Y, 70P, 71)<br \/><img decoding=\"async\" class=\"emoji\" role=\"img\" draggable=\"false\" src=\"https:\/\/s.w.org\/images\/core\/emoji\/14.0.0\/svg\/1f539.svg\" alt=\"\ud83d\udd39\" \/>\u00a0<strong data-start=\"552\" data-end=\"580\">Eura \u2013 Harjavalta \u2013 Pori <\/strong>(Linja: 72)<\/p><p>\u00a0<\/p><p><strong>Monipuolisella ja laadukkaalla kalustolla<\/strong><br \/>Tilausajoa kaikkiin tarpeisiin<\/p><p>\u2013 Isot bussit, 45-58 paikkaisia (my\u00f6s py\u00f6r\u00e4tuoli mahdollisuus)<br \/>\u2013 Monenkokoisia pikkubusseja: 11, 16, 19, 20 ja 23 paikkaisia.<br \/>\u2013 Invanostimella varustetut invataksit.<br \/>(Meill\u00e4 my\u00f6s kelan korvaamat taksimatkat)<\/p>\t\t\t\t\t\t<\/div>\n\t\t\t\t<\/div>\n\t\t\t\t<div class=\"elementor-element elementor-element-1e26859 elementor-widget elementor-widget-image\" data-id=\"1e26859\" data-element_type=\"widget\" data-widget_type=\"image.default\">\n\t\t\t\t<div class=\"elementor-widget-container\">\n\t\t\t\t\t\t\t\t\t\t\t\t\t\t\t<img fetchpriority=\"high\" decoding=\"async\" width=\"625\" height=\"237\" src=\"https:\/\/www.topliikenne.fi\/top\/wp-content\/uploads\/2026\/03\/menestyjat_top_liikenne-1024x389.jpg\" class=\"attachment-large size-large wp-image-444\" alt=\"\" srcset=\"https:\/\/www.topliikenne.fi\/top\/wp-content\/uploads\/2026\/03\/menestyjat_top_liikenne-1024x389.jpg 1024w, https:\/\/www.topliikenne.fi\/top\/wp-content\/uploads\/2026\/03\/menestyjat_top_liikenne-300x114.jpg 300w, https:\/\/www.topliikenne.fi\/top\/wp-content\/uploads\/2026\/03\/menestyjat_top_liikenne-768x292.jpg 768w, https:\/\/www.topliikenne.fi\/top\/wp-content\/uploads\/2026\/03\/menestyjat_top_liikenne-624x237.jpg 624w, https:\/\/www.topliikenne.fi\/top\/wp-content\/uploads\/2026\/03\/menestyjat_top_liikenne.jpg 1400w\" sizes=\"(max-width: 625px) 100vw, 625px\" \/>\t\t\t\t\t\t\t\t\t\t\t\t\t\t\t<\/div>\n\t\t\t\t<\/div>\n\t\t\t\t<\/div>\n\t\t<div class=\"elementor-element elementor-element-62cde48 e-con-full e-flex e-con e-child\" data-id=\"62cde48\" data-element_type=\"container\" data-settings=\"{&quot;content_width&quot;:&quot;full&quot;,&quot;background_background&quot;:&quot;classic&quot;}\">\n\t\t\t\t<div class=\"elementor-element elementor-element-09aef66 elementor-widget elementor-widget-heading\" data-id=\"09aef66\" data-element_type=\"widget\" data-widget_type=\"heading.default\">\n\t\t\t\t<div class=\"elementor-widget-container\">\n\t\t\t<h1 class=\"elementor-heading-title elementor-size-default\">Tilaukset<\/h1>\t\t<\/div>\n\t\t\t\t<\/div>\n\t\t\t\t<div class=\"elementor-element elementor-element-de5efba elementor-widget elementor-widget-text-editor\" data-id=\"de5efba\" data-element_type=\"widget\" data-widget_type=\"text-editor.default\">\n\t\t\t\t<div class=\"elementor-widget-container\">\n\t\t\t\t\t\t\t<p>Soita: 040 5480 556<\/p><p><br \/>topliikenne@topliikenne.fi<\/p>\t\t\t\t\t\t<\/div>\n\t\t\t\t<\/div>\n\t\t\t\t<div class=\"elementor-element elementor-element-3e6bc87 elementor-widget elementor-widget-html\" data-id=\"3e6bc87\" data-element_type=\"widget\" data-widget_type=\"html.default\">\n\t\t\t\t<div class=\"elementor-widget-container\">\n\t\t\t<h1>Yhteydenottolomake<\/h1><br>\n\n<div class=\"wpcf7 no-js\" id=\"wpcf7-f30-o1\" lang=\"fi\" dir=\"ltr\">\n<div class=\"screen-reader-response\"><p role=\"status\" aria-live=\"polite\" aria-atomic=\"true\"><\/p> <ul><\/ul><\/div>\n<form action=\"\/top\/wp-json\/wp\/v2\/pages\/261#wpcf7-f30-o1\" method=\"post\" class=\"wpcf7-form init\" aria-label=\"Yhteydenottolomake\" novalidate=\"novalidate\" data-status=\"init\">\n<div style=\"display: none;\">\n<input type=\"hidden\" name=\"_wpcf7\" value=\"30\" \/>\n<input type=\"hidden\" name=\"_wpcf7_version\" value=\"5.8.4\" \/>\n<input type=\"hidden\" name=\"_wpcf7_locale\" value=\"fi\" \/>\n<input type=\"hidden\" name=\"_wpcf7_unit_tag\" value=\"wpcf7-f30-o1\" \/>\n<input type=\"hidden\" name=\"_wpcf7_container_post\" value=\"0\" \/>\n<input type=\"hidden\" name=\"_wpcf7_posted_data_hash\" value=\"\" \/>\n<\/div>\n<p>Nimi (pakollinen)\n<\/p>\n<p><span class=\"wpcf7-form-control-wrap\" data-name=\"your-name\"><input size=\"25\" class=\"wpcf7-form-control wpcf7-text wpcf7-validates-as-required\" aria-required=\"true\" aria-invalid=\"false\" value=\"\" type=\"text\" name=\"your-name\" \/><\/span>\n<\/p>\n<p>Puhelin (pakollinen)\n<\/p>\n<p><span class=\"wpcf7-form-control-wrap\" data-name=\"text-997\"><input size=\"25\" class=\"wpcf7-form-control wpcf7-text wpcf7-validates-as-required\" aria-required=\"true\" aria-invalid=\"false\" value=\"\" type=\"text\" name=\"text-997\" \/><\/span>\n<\/p>\n<p>S\u00e4hk\u00f6posti (pakollinen)\n<\/p>\n<p><span class=\"wpcf7-form-control-wrap\" data-name=\"your-email\"><input size=\"25\" class=\"wpcf7-form-control wpcf7-email wpcf7-validates-as-required wpcf7-text wpcf7-validates-as-email\" aria-required=\"true\" aria-invalid=\"false\" value=\"\" type=\"email\" name=\"your-email\" \/><\/span>\n<\/p>\n<p>Aihe\n<\/p>\n<p><span class=\"wpcf7-form-control-wrap\" data-name=\"your-subject\"><input size=\"25\" class=\"wpcf7-form-control wpcf7-text\" aria-invalid=\"false\" value=\"\" type=\"text\" name=\"your-subject\" \/><\/span>\n<\/p>\n<p>Viesti\/Palaute\/Tiedustelu\n<\/p>\n<p><span class=\"wpcf7-form-control-wrap\" data-name=\"your-message\"><textarea cols=\"25\" rows=\"5\" class=\"wpcf7-form-control wpcf7-textarea\" aria-invalid=\"false\" name=\"your-message\"><\/textarea><\/span>\n<\/p>\n<p><input class=\"wpcf7-form-control wpcf7-submit has-spinner\" type=\"submit\" value=\"L\u00e4het\u00e4\" \/>\n<\/p><div class=\"wpcf7-response-output\" aria-hidden=\"true\"><\/div>\n<\/form>\n<\/div>\n\t\t<\/div>\n\t\t\t\t<\/div>\n\t\t\t\t<\/div>\n\t\t\t\t<\/div>\n\t\t<div class=\"elementor-element elementor-element-fb73b3b e-flex e-con-boxed e-con e-parent\" data-id=\"fb73b3b\" data-element_type=\"container\" data-settings=\"{&quot;background_background&quot;:&quot;classic&quot;,&quot;content_width&quot;:&quot;boxed&quot;}\" data-core-v316-plus=\"true\">\n\t\t\t\t\t<div class=\"e-con-inner\">\n\t\t\t\t<div class=\"elementor-element elementor-element-38190fa elementor-widget__width-inherit elementor-widget elementor-widget-text-editor\" data-id=\"38190fa\" data-element_type=\"widget\" data-widget_type=\"text-editor.default\">\n\t\t\t\t<div class=\"elementor-widget-container\">\n\t\t\t\t\t\t\t<p>Top Liikenne Oy | Finpyyntie 1 | 29600 Noormarkku | puh. 050 369 3347 | email. topliikenne@topliikenne.fi<\/p>\t\t\t\t\t\t<\/div>\n\t\t\t\t<\/div>\n\t\t\t\t\t<\/div>\n\t\t\t\t<\/div>\n\t\t\t\t\t\t\t<\/div>\n\t\t","protected":false},"excerpt":{"rendered":"<p>Luotettavaa palvelua ammattitaidolla vuodesta 1967 YRITYS KALUSTO TILAUSAJOT LINJALIIKENNE YHTEYSTIEDOT Yritys Luotettavaa palvelua ammattitaidolla vuodesta 1967Top Liikenne on vuonna 1967 perustettu perheyritys, joka harjoittaa tilausliikennett\u00e4 laadukkaalla ja monipuolisella kalustolla, kotimaassa sek\u00e4 ulkomailla. \u00a0 Toimintaamme kuuluu my\u00f6s taksiliikenne.Ammattitaitoiset, luotettavat ja yst\u00e4v\u00e4lliset kuljettajamme takaavat matkan sujuvuuden. \u00a0 Isoille ja pienille ryhmille, kuljetukset kaikkiin tarpeisiinOlittepa l\u00e4hd\u00f6ss\u00e4 peli-, huvi-, [&hellip;]<\/p>\n","protected":false},"author":1,"featured_media":0,"parent":0,"menu_order":0,"comment_status":"closed","ping_status":"closed","template":"elementor_canvas","meta":{"footnotes":""},"_links":{"self":[{"href":"https:\/\/www.topliikenne.fi\/top\/wp-json\/wp\/v2\/pages\/261"}],"collection":[{"href":"https:\/\/www.topliikenne.fi\/top\/wp-json\/wp\/v2\/pages"}],"about":[{"href":"https:\/\/www.topliikenne.fi\/top\/wp-json\/wp\/v2\/types\/page"}],"author":[{"embeddable":true,"href":"https:\/\/www.topliikenne.fi\/top\/wp-json\/wp\/v2\/users\/1"}],"replies":[{"embeddable":true,"href":"https:\/\/www.topliikenne.fi\/top\/wp-json\/wp\/v2\/comments?post=261"}],"version-history":[{"count":37,"href":"https:\/\/www.topliikenne.fi\/top\/wp-json\/wp\/v2\/pages\/261\/revisions"}],"predecessor-version":[{"id":447,"href":"https:\/\/www.topliikenne.fi\/top\/wp-json\/wp\/v2\/pages\/261\/revisions\/447"}],"wp:attachment":[{"href":"https:\/\/www.topliikenne.fi\/top\/wp-json\/wp\/v2\/media?parent=261"}],"curies":[{"name":"wp","href":"https:\/\/api.w.org\/{rel}","templated":true}]}}