{"id":251,"date":"2023-12-12T00:31:52","date_gmt":"2023-12-11T22:31:52","guid":{"rendered":"https:\/\/www.topliikenne.fi\/top\/?page_id=251"},"modified":"2026-03-20T08:41:22","modified_gmt":"2026-03-20T06:41:22","slug":"tilausajot","status":"publish","type":"page","link":"https:\/\/www.topliikenne.fi\/top\/tilausajot\/","title":{"rendered":"Tilausajot"},"content":{"rendered":"\t\t<div data-elementor-type=\"wp-page\" data-elementor-id=\"251\" class=\"elementor elementor-251\">\n\t\t\t\t\t\t\t<div class=\"elementor-element elementor-element-fd4bec5 e-flex e-con-boxed e-con e-parent\" data-id=\"fd4bec5\" data-element_type=\"container\" data-settings=\"{&quot;content_width&quot;:&quot;boxed&quot;}\" data-core-v316-plus=\"true\">\n\t\t\t\t\t<div class=\"e-con-inner\">\n\t\t\t\t\t<\/div>\n\t\t\t\t<\/div>\n\t\t<div class=\"elementor-element elementor-element-a92ebcf e-con-full e-flex e-con e-parent\" data-id=\"a92ebcf\" data-element_type=\"container\" data-settings=\"{&quot;content_width&quot;:&quot;full&quot;,&quot;background_background&quot;:&quot;classic&quot;}\" data-core-v316-plus=\"true\">\n\t\t<div class=\"elementor-element elementor-element-c013652 e-con-full e-flex e-con e-child\" data-id=\"c013652\" data-element_type=\"container\" data-settings=\"{&quot;content_width&quot;:&quot;full&quot;}\">\n\t\t\t\t<div class=\"elementor-element elementor-element-d210d17 elementor-widget elementor-widget-image\" data-id=\"d210d17\" data-element_type=\"widget\" data-widget_type=\"image.default\">\n\t\t\t\t<div class=\"elementor-widget-container\">\n\t\t\t<style>\/*! elementor - v3.18.0 - 08-12-2023 *\/\n.elementor-widget-image{text-align:center}.elementor-widget-image a{display:inline-block}.elementor-widget-image a img[src$=\".svg\"]{width:48px}.elementor-widget-image img{vertical-align:middle;display:inline-block}<\/style>\t\t\t\t\t\t\t\t\t\t\t\t<img decoding=\"async\" width=\"300\" height=\"48\" src=\"https:\/\/www.topliikenne.fi\/top\/wp-content\/uploads\/2014\/07\/logo_topliikenne-300x48.png\" class=\"attachment-medium size-medium wp-image-27\" alt=\"\" srcset=\"https:\/\/www.topliikenne.fi\/top\/wp-content\/uploads\/2014\/07\/logo_topliikenne-300x48.png 300w, https:\/\/www.topliikenne.fi\/top\/wp-content\/uploads\/2014\/07\/logo_topliikenne.png 500w\" sizes=\"(max-width: 300px) 100vw, 300px\" \/>\t\t\t\t\t\t\t\t\t\t\t\t\t\t\t<\/div>\n\t\t\t\t<\/div>\n\t\t\t\t<div class=\"elementor-element elementor-element-37dabc4 elementor-widget elementor-widget-text-editor\" data-id=\"37dabc4\" data-element_type=\"widget\" data-widget_type=\"text-editor.default\">\n\t\t\t\t<div class=\"elementor-widget-container\">\n\t\t\t<style>\/*! elementor - v3.18.0 - 08-12-2023 *\/\n.elementor-widget-text-editor.elementor-drop-cap-view-stacked .elementor-drop-cap{background-color:#69727d;color:#fff}.elementor-widget-text-editor.elementor-drop-cap-view-framed .elementor-drop-cap{color:#69727d;border:3px solid;background-color:transparent}.elementor-widget-text-editor:not(.elementor-drop-cap-view-default) .elementor-drop-cap{margin-top:8px}.elementor-widget-text-editor:not(.elementor-drop-cap-view-default) .elementor-drop-cap-letter{width:1em;height:1em}.elementor-widget-text-editor .elementor-drop-cap{float:left;text-align:center;line-height:1;font-size:50px}.elementor-widget-text-editor .elementor-drop-cap-letter{display:inline-block}<\/style>\t\t\t\t<p>Luotettavaa palvelua ammattitaidolla vuodesta 1967<\/p>\t\t\t\t\t\t<\/div>\n\t\t\t\t<\/div>\n\t\t\t\t<\/div>\n\t\t<div class=\"elementor-element elementor-element-ff59803 e-con-full e-flex e-con e-child\" data-id=\"ff59803\" data-element_type=\"container\" data-settings=\"{&quot;content_width&quot;:&quot;full&quot;}\">\n\t\t\t\t<div class=\"elementor-element elementor-element-d26f748 elementor-button-danger elementor-widget__width-initial elementor-widget elementor-widget-button\" data-id=\"d26f748\" data-element_type=\"widget\" data-widget_type=\"button.default\">\n\t\t\t\t<div class=\"elementor-widget-container\">\n\t\t\t\t\t<div class=\"elementor-button-wrapper\">\n\t\t\t<a class=\"elementor-button elementor-button-link elementor-size-xs\" href=\"https:\/\/www.topliikenne.fi\/top\/\">\n\t\t\t\t\t\t<span class=\"elementor-button-content-wrapper\">\n\t\t\t\t\t\t<span class=\"elementor-button-text\">YRITYS<\/span>\n\t\t<\/span>\n\t\t\t\t\t<\/a>\n\t\t<\/div>\n\t\t\t\t<\/div>\n\t\t\t\t<\/div>\n\t\t\t\t<div class=\"elementor-element elementor-element-18baf05 elementor-widget__width-initial elementor-widget elementor-widget-button\" data-id=\"18baf05\" data-element_type=\"widget\" data-widget_type=\"button.default\">\n\t\t\t\t<div class=\"elementor-widget-container\">\n\t\t\t\t\t<div class=\"elementor-button-wrapper\">\n\t\t\t<a class=\"elementor-button elementor-button-link elementor-size-xs\" href=\"https:\/\/www.topliikenne.fi\/top\/kalusto\">\n\t\t\t\t\t\t<span class=\"elementor-button-content-wrapper\">\n\t\t\t\t\t\t<span class=\"elementor-button-text\">KALUSTO<\/span>\n\t\t<\/span>\n\t\t\t\t\t<\/a>\n\t\t<\/div>\n\t\t\t\t<\/div>\n\t\t\t\t<\/div>\n\t\t\t\t<div class=\"elementor-element elementor-element-a80b46c elementor-widget__width-initial elementor-widget elementor-widget-button\" data-id=\"a80b46c\" data-element_type=\"widget\" data-widget_type=\"button.default\">\n\t\t\t\t<div class=\"elementor-widget-container\">\n\t\t\t\t\t<div class=\"elementor-button-wrapper\">\n\t\t\t<a class=\"elementor-button elementor-button-link elementor-size-xs\" href=\"https:\/\/www.topliikenne.fi\/top\/tilausajot\">\n\t\t\t\t\t\t<span class=\"elementor-button-content-wrapper\">\n\t\t\t\t\t\t<span class=\"elementor-button-text\">TILAUSAJOT<\/span>\n\t\t<\/span>\n\t\t\t\t\t<\/a>\n\t\t<\/div>\n\t\t\t\t<\/div>\n\t\t\t\t<\/div>\n\t\t\t\t<div class=\"elementor-element elementor-element-552f55c elementor-widget__width-initial elementor-widget elementor-widget-button\" data-id=\"552f55c\" data-element_type=\"widget\" data-widget_type=\"button.default\">\n\t\t\t\t<div class=\"elementor-widget-container\">\n\t\t\t\t\t<div class=\"elementor-button-wrapper\">\n\t\t\t<a class=\"elementor-button elementor-button-link elementor-size-xs\" href=\"https:\/\/www.topliikenne.fi\/top\/linjaliikenne\/\">\n\t\t\t\t\t\t<span class=\"elementor-button-content-wrapper\">\n\t\t\t\t\t\t<span class=\"elementor-button-text\">LINJALIIKENNE<\/span>\n\t\t<\/span>\n\t\t\t\t\t<\/a>\n\t\t<\/div>\n\t\t\t\t<\/div>\n\t\t\t\t<\/div>\n\t\t\t\t<div class=\"elementor-element elementor-element-73a0b91 elementor-widget__width-initial elementor-widget elementor-widget-button\" data-id=\"73a0b91\" data-element_type=\"widget\" data-widget_type=\"button.default\">\n\t\t\t\t<div class=\"elementor-widget-container\">\n\t\t\t\t\t<div class=\"elementor-button-wrapper\">\n\t\t\t<a class=\"elementor-button elementor-button-link elementor-size-xs\" href=\"https:\/\/www.topliikenne.fi\/top\/yhteystiedot\">\n\t\t\t\t\t\t<span class=\"elementor-button-content-wrapper\">\n\t\t\t\t\t\t<span class=\"elementor-button-text\">YHTEYSTIEDOT<\/span>\n\t\t<\/span>\n\t\t\t\t\t<\/a>\n\t\t<\/div>\n\t\t\t\t<\/div>\n\t\t\t\t<\/div>\n\t\t\t\t<\/div>\n\t\t\t\t<\/div>\n\t\t<div class=\"elementor-element elementor-element-b942de9 e-con-full e-flex e-con e-parent\" data-id=\"b942de9\" data-element_type=\"container\" data-settings=\"{&quot;content_width&quot;:&quot;full&quot;,&quot;background_background&quot;:&quot;classic&quot;}\" data-core-v316-plus=\"true\">\n\t\t<div class=\"elementor-element elementor-element-49b0764 e-con-full e-flex e-con e-child\" data-id=\"49b0764\" data-element_type=\"container\" data-settings=\"{&quot;content_width&quot;:&quot;full&quot;}\">\n\t\t\t\t<div class=\"elementor-element elementor-element-3008c78 elementor-widget elementor-widget-heading\" data-id=\"3008c78\" data-element_type=\"widget\" data-widget_type=\"heading.default\">\n\t\t\t\t<div class=\"elementor-widget-container\">\n\t\t\t<style>\/*! elementor - v3.18.0 - 08-12-2023 *\/\n.elementor-heading-title{padding:0;margin:0;line-height:1}.elementor-widget-heading .elementor-heading-title[class*=elementor-size-]>a{color:inherit;font-size:inherit;line-height:inherit}.elementor-widget-heading .elementor-heading-title.elementor-size-small{font-size:15px}.elementor-widget-heading .elementor-heading-title.elementor-size-medium{font-size:19px}.elementor-widget-heading .elementor-heading-title.elementor-size-large{font-size:29px}.elementor-widget-heading .elementor-heading-title.elementor-size-xl{font-size:39px}.elementor-widget-heading .elementor-heading-title.elementor-size-xxl{font-size:59px}<\/style><h1 class=\"elementor-heading-title elementor-size-default\">Tilausajot<\/h1>\t\t<\/div>\n\t\t\t\t<\/div>\n\t\t\t\t<div class=\"elementor-element elementor-element-3e2f8c0 elementor-widget elementor-widget-text-editor\" data-id=\"3e2f8c0\" data-element_type=\"widget\" data-widget_type=\"text-editor.default\">\n\t\t\t\t<div class=\"elementor-widget-container\">\n\t\t\t\t\t\t\t<p><strong>Laadukkaita tilausajoja monipuolisella kalustolla kaikkiin tarpeisiin<\/strong><br \/>Olittepa l\u00e4hd\u00f6ss\u00e4 peli-, huvi-, luokkaretki-, hiihto- tai ty\u00f6matkalle, me hoidamme\u00a0 kuljetuksen.<\/p><p><strong><br \/>Top Liikenteen kuljettajat ovat ammattilaisia<\/strong><br \/>Tarjoamme turvallisen matkan ja hyv\u00e4\u00e4 asiakaspalvelua.<br \/><br \/><strong>Varaukset ja lis\u00e4tietoja saat soittamalla tai l\u00e4hett\u00e4m\u00e4ll\u00e4 s\u00e4hk\u00f6postia.<\/strong><br \/><strong><br \/>Lauri Pirhonen<\/strong><br \/>p. 040 5480 556<br \/>topliikenne@topliikenne.fi<\/p>\t\t\t\t\t\t<\/div>\n\t\t\t\t<\/div>\n\t\t\t\t<div class=\"elementor-element elementor-element-0fe0de0 elementor-widget elementor-widget-image\" data-id=\"0fe0de0\" data-element_type=\"widget\" data-widget_type=\"image.default\">\n\t\t\t\t<div class=\"elementor-widget-container\">\n\t\t\t\t\t\t\t\t\t\t\t\t\t\t\t<img fetchpriority=\"high\" decoding=\"async\" width=\"625\" height=\"237\" src=\"https:\/\/www.topliikenne.fi\/top\/wp-content\/uploads\/2026\/03\/menestyjat_top_liikenne-1024x389.jpg\" class=\"attachment-large size-large wp-image-444\" alt=\"\" srcset=\"https:\/\/www.topliikenne.fi\/top\/wp-content\/uploads\/2026\/03\/menestyjat_top_liikenne-1024x389.jpg 1024w, https:\/\/www.topliikenne.fi\/top\/wp-content\/uploads\/2026\/03\/menestyjat_top_liikenne-300x114.jpg 300w, https:\/\/www.topliikenne.fi\/top\/wp-content\/uploads\/2026\/03\/menestyjat_top_liikenne-768x292.jpg 768w, https:\/\/www.topliikenne.fi\/top\/wp-content\/uploads\/2026\/03\/menestyjat_top_liikenne-624x237.jpg 624w, https:\/\/www.topliikenne.fi\/top\/wp-content\/uploads\/2026\/03\/menestyjat_top_liikenne.jpg 1400w\" sizes=\"(max-width: 625px) 100vw, 625px\" \/>\t\t\t\t\t\t\t\t\t\t\t\t\t\t\t<\/div>\n\t\t\t\t<\/div>\n\t\t\t\t<\/div>\n\t\t<div class=\"elementor-element elementor-element-0110af9 e-con-full e-flex e-con e-child\" data-id=\"0110af9\" data-element_type=\"container\" data-settings=\"{&quot;content_width&quot;:&quot;full&quot;,&quot;background_background&quot;:&quot;classic&quot;}\">\n\t\t\t\t<div class=\"elementor-element elementor-element-7d14d33 elementor-widget elementor-widget-heading\" data-id=\"7d14d33\" data-element_type=\"widget\" data-widget_type=\"heading.default\">\n\t\t\t\t<div class=\"elementor-widget-container\">\n\t\t\t<h1 class=\"elementor-heading-title elementor-size-default\">Tilaukset<\/h1>\t\t<\/div>\n\t\t\t\t<\/div>\n\t\t\t\t<div class=\"elementor-element elementor-element-bf2fb58 elementor-widget elementor-widget-text-editor\" data-id=\"bf2fb58\" data-element_type=\"widget\" data-widget_type=\"text-editor.default\">\n\t\t\t\t<div class=\"elementor-widget-container\">\n\t\t\t\t\t\t\t<p>Soita: 040 5480 556<\/p><p><br \/>topliikenne@topliikenne.fi<\/p>\t\t\t\t\t\t<\/div>\n\t\t\t\t<\/div>\n\t\t\t\t<div class=\"elementor-element elementor-element-b352df5 elementor-widget elementor-widget-html\" data-id=\"b352df5\" data-element_type=\"widget\" data-widget_type=\"html.default\">\n\t\t\t\t<div class=\"elementor-widget-container\">\n\t\t\t<h1>Yhteydenottolomake<\/h1><br>\n\n<div class=\"wpcf7 no-js\" id=\"wpcf7-f30-o1\" lang=\"fi\" dir=\"ltr\">\n<div class=\"screen-reader-response\"><p role=\"status\" aria-live=\"polite\" aria-atomic=\"true\"><\/p> <ul><\/ul><\/div>\n<form action=\"\/top\/wp-json\/wp\/v2\/pages\/251#wpcf7-f30-o1\" method=\"post\" class=\"wpcf7-form init\" aria-label=\"Yhteydenottolomake\" novalidate=\"novalidate\" data-status=\"init\">\n<div style=\"display: none;\">\n<input type=\"hidden\" name=\"_wpcf7\" value=\"30\" \/>\n<input type=\"hidden\" name=\"_wpcf7_version\" value=\"5.8.4\" \/>\n<input type=\"hidden\" name=\"_wpcf7_locale\" value=\"fi\" \/>\n<input type=\"hidden\" name=\"_wpcf7_unit_tag\" value=\"wpcf7-f30-o1\" \/>\n<input type=\"hidden\" name=\"_wpcf7_container_post\" value=\"0\" \/>\n<input type=\"hidden\" name=\"_wpcf7_posted_data_hash\" value=\"\" \/>\n<\/div>\n<p>Nimi (pakollinen)\n<\/p>\n<p><span class=\"wpcf7-form-control-wrap\" data-name=\"your-name\"><input size=\"25\" class=\"wpcf7-form-control wpcf7-text wpcf7-validates-as-required\" aria-required=\"true\" aria-invalid=\"false\" value=\"\" type=\"text\" name=\"your-name\" \/><\/span>\n<\/p>\n<p>Puhelin (pakollinen)\n<\/p>\n<p><span class=\"wpcf7-form-control-wrap\" data-name=\"text-997\"><input size=\"25\" class=\"wpcf7-form-control wpcf7-text wpcf7-validates-as-required\" aria-required=\"true\" aria-invalid=\"false\" value=\"\" type=\"text\" name=\"text-997\" \/><\/span>\n<\/p>\n<p>S\u00e4hk\u00f6posti (pakollinen)\n<\/p>\n<p><span class=\"wpcf7-form-control-wrap\" data-name=\"your-email\"><input size=\"25\" class=\"wpcf7-form-control wpcf7-email wpcf7-validates-as-required wpcf7-text wpcf7-validates-as-email\" aria-required=\"true\" aria-invalid=\"false\" value=\"\" type=\"email\" name=\"your-email\" \/><\/span>\n<\/p>\n<p>Aihe\n<\/p>\n<p><span class=\"wpcf7-form-control-wrap\" data-name=\"your-subject\"><input size=\"25\" class=\"wpcf7-form-control wpcf7-text\" aria-invalid=\"false\" value=\"\" type=\"text\" name=\"your-subject\" \/><\/span>\n<\/p>\n<p>Viesti\/Palaute\/Tiedustelu\n<\/p>\n<p><span class=\"wpcf7-form-control-wrap\" data-name=\"your-message\"><textarea cols=\"25\" rows=\"5\" class=\"wpcf7-form-control wpcf7-textarea\" aria-invalid=\"false\" name=\"your-message\"><\/textarea><\/span>\n<\/p>\n<p><input class=\"wpcf7-form-control wpcf7-submit has-spinner\" type=\"submit\" value=\"L\u00e4het\u00e4\" \/>\n<\/p><div class=\"wpcf7-response-output\" aria-hidden=\"true\"><\/div>\n<\/form>\n<\/div>\n\t\t<\/div>\n\t\t\t\t<\/div>\n\t\t\t\t<\/div>\n\t\t\t\t<\/div>\n\t\t<div class=\"elementor-element elementor-element-f4a4711 e-flex e-con-boxed e-con e-parent\" data-id=\"f4a4711\" data-element_type=\"container\" data-settings=\"{&quot;background_background&quot;:&quot;classic&quot;,&quot;content_width&quot;:&quot;boxed&quot;}\" data-core-v316-plus=\"true\">\n\t\t\t\t\t<div class=\"e-con-inner\">\n\t\t\t\t<div class=\"elementor-element elementor-element-1ad0c05 elementor-widget__width-inherit elementor-widget elementor-widget-text-editor\" data-id=\"1ad0c05\" data-element_type=\"widget\" data-widget_type=\"text-editor.default\">\n\t\t\t\t<div class=\"elementor-widget-container\">\n\t\t\t\t\t\t\t<p>Top Liikenne Oy | Finpyyntie 1 | 29600 Noormarkku | puh. 050 369 3347 | email. topliikenne@topliikenne.fi<\/p>\t\t\t\t\t\t<\/div>\n\t\t\t\t<\/div>\n\t\t\t\t\t<\/div>\n\t\t\t\t<\/div>\n\t\t\t\t\t\t\t<\/div>\n\t\t","protected":false},"excerpt":{"rendered":"<p>Luotettavaa palvelua ammattitaidolla vuodesta 1967 YRITYS KALUSTO TILAUSAJOT LINJALIIKENNE YHTEYSTIEDOT Tilausajot Laadukkaita tilausajoja monipuolisella kalustolla kaikkiin tarpeisiinOlittepa l\u00e4hd\u00f6ss\u00e4 peli-, huvi-, luokkaretki-, hiihto- tai ty\u00f6matkalle, me hoidamme\u00a0 kuljetuksen. Top Liikenteen kuljettajat ovat ammattilaisiaTarjoamme turvallisen matkan ja hyv\u00e4\u00e4 asiakaspalvelua. Varaukset ja lis\u00e4tietoja saat soittamalla tai l\u00e4hett\u00e4m\u00e4ll\u00e4 s\u00e4hk\u00f6postia.Lauri Pirhonenp. 040 5480 556topliikenne@topliikenne.fi Tilaukset Soita: 040 5480 556 topliikenne@topliikenne.fi [&hellip;]<\/p>\n","protected":false},"author":1,"featured_media":0,"parent":0,"menu_order":0,"comment_status":"closed","ping_status":"closed","template":"elementor_canvas","meta":{"footnotes":""},"_links":{"self":[{"href":"https:\/\/www.topliikenne.fi\/top\/wp-json\/wp\/v2\/pages\/251"}],"collection":[{"href":"https:\/\/www.topliikenne.fi\/top\/wp-json\/wp\/v2\/pages"}],"about":[{"href":"https:\/\/www.topliikenne.fi\/top\/wp-json\/wp\/v2\/types\/page"}],"author":[{"embeddable":true,"href":"https:\/\/www.topliikenne.fi\/top\/wp-json\/wp\/v2\/users\/1"}],"replies":[{"embeddable":true,"href":"https:\/\/www.topliikenne.fi\/top\/wp-json\/wp\/v2\/comments?post=251"}],"version-history":[{"count":28,"href":"https:\/\/www.topliikenne.fi\/top\/wp-json\/wp\/v2\/pages\/251\/revisions"}],"predecessor-version":[{"id":453,"href":"https:\/\/www.topliikenne.fi\/top\/wp-json\/wp\/v2\/pages\/251\/revisions\/453"}],"wp:attachment":[{"href":"https:\/\/www.topliikenne.fi\/top\/wp-json\/wp\/v2\/media?parent=251"}],"curies":[{"name":"wp","href":"https:\/\/api.w.org\/{rel}","templated":true}]}}